{"id":51,"date":"2023-08-23T21:38:41","date_gmt":"2023-08-23T19:38:41","guid":{"rendered":"https:\/\/tdm.emait.fr\/?page_id=51"},"modified":"2026-03-07T18:34:04","modified_gmt":"2026-03-07T17:34:04","slug":"accueil","status":"publish","type":"page","link":"https:\/\/www.tdm.ink\/","title":{"rendered":"Accueil"},"content":{"rendered":"\n<h1 class=\"wp-block-heading has-text-align-center has-accent-color has-text-color\">Rendez-vous le samedi 15 novembre 2025 pour la troisi\u00e8me \u00e9dition du TDM !<\/h1>\n\n\n\n<div style=\"height:41px\" aria-hidden=\"true\" class=\"wp-block-spacer\"><\/div>\n\n\n\n<p class=\"has-text-align-center has-black-color has-text-color\">Pour cette troisi\u00e8me \u00e9dition, l&rsquo;\u00e9quipe du TDM vous propose trois parcours offrant une vue imprenable sur la ville d&rsquo;Al\u00e8s et le Parc National des C\u00e9vennes. <\/p>\n\n\n\n<p class=\"has-text-align-center has-black-color has-text-color\">N&rsquo;attendez plus et venez gravir le Moncalm en participant \u00e0 l&rsquo;un des trois parcours propos\u00e9s !<\/p>\n\n\n\n<h4 class=\"wp-block-heading has-text-align-center\"><\/h4>\n\n\n\n<div class=\"wp-block-columns is-layout-flex wp-container-core-columns-is-layout-9d6595d7 wp-block-columns-is-layout-flex\">\n<div class=\"wp-block-column is-layout-flow wp-block-column-is-layout-flow\">\n<p class=\"has-text-align-center has-accent-color has-text-color has-medium-font-size\" style=\"font-style:normal;font-weight:600\">Le Coup de Grisou :<\/p>\n\n\n\n<p class=\"has-text-align-center has-white-color has-header-gradient-background-color has-text-color has-background has-medium-font-size\"><strong><a href=\"https:\/\/www.tdm.ink\/?page_id=132\" data-type=\"page\" data-id=\"132\">10 km &#8211; 300 D+<\/a><\/strong><\/p>\n<\/div>\n\n\n\n<div class=\"wp-block-column is-layout-flow wp-block-column-is-layout-flow\">\n<p class=\"has-text-align-center has-accent-color has-text-color has-medium-font-size\" style=\"font-style:normal;font-weight:600\">Le Garde-Mines :<\/p>\n\n\n\n<p class=\"has-text-align-center has-white-color has-header-gradient-background-color has-text-color has-background has-medium-font-size\"><strong><a href=\"https:\/\/www.tdm.ink\/?page_id=129\" data-type=\"page\" data-id=\"129\">22 km &#8211; 800 D+<\/a><\/strong><\/p>\n<\/div>\n\n\n\n<div class=\"wp-block-column is-layout-flow wp-block-column-is-layout-flow\">\n<p class=\"has-text-align-center has-accent-color has-text-color has-medium-font-size\" style=\"font-style:normal;font-weight:600\">La Chute des Perats :<\/p>\n\n\n\n<p class=\"has-text-align-center has-white-color has-header-gradient-background-color has-text-color has-background has-medium-font-size\"><strong><a href=\"https:\/\/www.tdm.ink\/?page_id=618\" data-type=\"page\" data-id=\"618\">32 km &#8211; 1200 D+<\/a><\/strong><\/p>\n<\/div>\n<\/div>\n\n\n\n<div style=\"height:20px\" aria-hidden=\"true\" class=\"wp-block-spacer\"><\/div>\n\n\n\n<div class=\"wp-block-buttons is-content-justification-center is-layout-flex wp-container-core-buttons-is-layout-16018d1d wp-block-buttons-is-layout-flex\">\n<div class=\"wp-block-button has-custom-width wp-block-button__width-50 is-style-outline is-style-outline--1\"><a class=\"wp-block-button__link has-accent-color has-white-background-color has-text-color has-background has-medium-font-size has-custom-font-size wp-element-button\" href=\"https:\/\/www.tdm.ink\/?page_id=73\"><strong>Je participe au TDM !<\/strong><\/a><\/div>\n<\/div>\n\n\n\n<div style=\"height:60px\" aria-hidden=\"true\" class=\"wp-block-spacer\"><\/div>\n\n\n\n<figure class=\"wp-block-embed is-type-video is-provider-youtube wp-block-embed-youtube wp-embed-aspect-16-9 wp-has-aspect-ratio\"><div class=\"wp-block-embed__wrapper\">\n<iframe loading=\"lazy\" title=\"TDM2025Trailer4K\" width=\"750\" height=\"422\" src=\"https:\/\/www.youtube.com\/embed\/vwwDDQQuDoo?feature=oembed\" frameborder=\"0\" allow=\"accelerometer; autoplay; clipboard-write; encrypted-media; gyroscope; picture-in-picture; web-share\" referrerpolicy=\"strict-origin-when-cross-origin\" allowfullscreen><\/iframe>\n<\/div><\/figure>\n","protected":false},"excerpt":{"rendered":"<p>Rendez-vous le samedi 15 novembre 2025 pour la troisi\u00e8me \u00e9dition du TDM ! Pour cette troisi\u00e8me \u00e9dition, l&rsquo;\u00e9quipe du TDM vous propose trois parcours offrant une vue imprenable sur la ville d&rsquo;Al\u00e8s et le Parc National des C\u00e9vennes. N&rsquo;attendez plus et venez gravir le Moncalm en participant \u00e0 l&rsquo;un des [&hellip;]<\/p>\n","protected":false},"author":2,"featured_media":0,"parent":0,"menu_order":0,"comment_status":"closed","ping_status":"closed","template":"","meta":{"footnotes":""},"class_list":["post-51","page","type-page","status-publish","hentry"],"_links":{"self":[{"href":"https:\/\/www.tdm.ink\/index.php?rest_route=\/wp\/v2\/pages\/51","targetHints":{"allow":["GET"]}}],"collection":[{"href":"https:\/\/www.tdm.ink\/index.php?rest_route=\/wp\/v2\/pages"}],"about":[{"href":"https:\/\/www.tdm.ink\/index.php?rest_route=\/wp\/v2\/types\/page"}],"author":[{"embeddable":true,"href":"https:\/\/www.tdm.ink\/index.php?rest_route=\/wp\/v2\/users\/2"}],"replies":[{"embeddable":true,"href":"https:\/\/www.tdm.ink\/index.php?rest_route=%2Fwp%2Fv2%2Fcomments&post=51"}],"version-history":[{"count":77,"href":"https:\/\/www.tdm.ink\/index.php?rest_route=\/wp\/v2\/pages\/51\/revisions"}],"predecessor-version":[{"id":853,"href":"https:\/\/www.tdm.ink\/index.php?rest_route=\/wp\/v2\/pages\/51\/revisions\/853"}],"wp:attachment":[{"href":"https:\/\/www.tdm.ink\/index.php?rest_route=%2Fwp%2Fv2%2Fmedia&parent=51"}],"curies":[{"name":"wp","href":"https:\/\/api.w.org\/{rel}","templated":true}]}}