{"id":142,"date":"2023-08-24T09:05:57","date_gmt":"2023-08-24T07:05:57","guid":{"rendered":"https:\/\/tdm.emait.fr\/?page_id=142"},"modified":"2026-01-05T18:42:30","modified_gmt":"2026-01-05T17:42:30","slug":"photos","status":"publish","type":"page","link":"https:\/\/www.tdm.ink\/?page_id=142","title":{"rendered":"Photos"},"content":{"rendered":"\n<p class=\"has-text-align-center has-accent-color has-text-color has-large-font-size\"><strong>Les photos du TDM sont disponibles ! <\/strong><\/p>\n\n\n\n<div style=\"height:20px\" aria-hidden=\"true\" class=\"wp-block-spacer\"><\/div>\n\n\n\n<div class=\"wp-block-buttons has-custom-font-size has-medium-font-size is-horizontal is-content-justification-center is-nowrap is-layout-flex wp-container-core-buttons-is-layout-01e1d51f wp-block-buttons-is-layout-flex\">\n<div class=\"wp-block-button is-style-outline is-style-outline--1\"><a class=\"wp-block-button__link has-accent-color has-white-background-color has-text-color has-background has-text-align-center wp-element-button\" href=\"https:\/\/cercledeselevesema-my.sharepoint.com\/:f:\/g\/personal\/drive_ema-visual_cercle-des-eleves_fr\/EtSIUiw9kPhMllSAnIQPP7UB19KTRzDO_cxWRE1AZMTqBA?e=sJjjxQ\" target=\"_blank\" rel=\"noreferrer noopener\">Je t\u00e9l\u00e9charge les photos du TDM 1\u00e8re \u00e9dition<\/a><\/div>\n<\/div>\n\n\n\n<div class=\"wp-block-buttons is-content-justification-center is-layout-flex wp-container-core-buttons-is-layout-a89b3969 wp-block-buttons-is-layout-flex\">\n<div class=\"wp-block-button is-style-outline is-style-outline--2\"><a class=\"wp-block-button__link has-accent-color has-white-background-color has-text-color has-background has-text-align-center wp-element-button\" href=\"https:\/\/drive.google.com\/drive\/folders\/1p7gM1sEy8Xjk1fSXFKV-KlkBWjDpiLjx?usp=drive_link\" target=\"_blank\" rel=\"noreferrer noopener\">Je t\u00e9l\u00e9charge les photos du TDM 2\u00e8me \u00e9dition<\/a><\/div>\n\n\n\n<div class=\"wp-block-button is-style-outline is-style-outline--3\"><a class=\"wp-block-button__link has-accent-color has-white-background-color has-text-color has-background has-text-align-center wp-element-button\" href=\"https:\/\/l.facebook.com\/l.php?u=https%3A%2F%2Fdrive.google.com%2Fdrive%2Ffolders%2F1hws8zZNZyCTZUrlv017Vi_dw05paoUsa%3Fusp%3Dshare_link%26fbclid%3DIwZXh0bgNhZW0CMTAAc3J0YwZhcHBfaWQQMjIyMDM5MTc4ODIwMDg5MgABHpomsu59s3pC5iOW24nEOJlU_fGswTdets4Bk9OGfgFuOpv__q9CPrTz5UcZ_aem_o8fEpVs6ffTAWMOguUCx5A&amp;h=AT0ziVJ3RMYZGlbAPy_p-if0YREA_NJQ9oN6-oxfn22FfVEMqr9gqer_FrxPjv1XanfYGNWs_eS60TceFBbSsnDzq39VrWbNWhTnJSKB1m2jKIJ2_2JSphQNmYjd25Wpei8Ilojsx172B0cpUA&amp;__tn__=-UK-R&amp;c[0]=AT3Q0Ffp2luCTa-bRjlseZg7qUhvUZ_XDFOZE8nhDPbkc6lw1-_RIZRKI-pbpPj8YBC5Dfy40EQgBQSm2SlFIt8rgJTbBOM09hNS6i1wG68rBdCPDgy8sv7cVtvyIHWgWMgwwGlXVhufbADCft4GGRN7FbuvbU8F21HQRCrzv7TNbZ0cmiSlpIMXTHioSfd_DQ3EFtCEXhhsK9srqAXj5hCbp14a27m7C7MsHeDdbA\" target=\"_blank\" rel=\"noreferrer noopener\">Je t\u00e9l\u00e9charge les photos du TDM 3\u00e8me \u00e9dition<\/a><\/div>\n<\/div>\n\n\n\n<div style=\"height:40px\" aria-hidden=\"true\" class=\"wp-block-spacer\"><\/div>\n\n\n\n<p class=\"has-text-align-center\">Un grand merci \u00e0 EMA Visual d&rsquo;avoir immortalis\u00e9 l&rsquo;\u00e9v\u00e9nement !<\/p>\n\n\n\n<div class=\"wp-block-columns is-layout-flex wp-container-core-columns-is-layout-28f84493 wp-block-columns-is-layout-flex\">\n<div class=\"wp-block-column is-layout-flow wp-block-column-is-layout-flow\"><\/div>\n\n\n\n<div class=\"wp-block-column is-layout-flow wp-block-column-is-layout-flow\"><div class=\"wp-block-image\">\n<figure class=\"aligncenter size-full is-resized\"><img loading=\"lazy\" decoding=\"async\" width=\"128\" height=\"104\" src=\"https:\/\/www.tdm.ink\/wp-content\/uploads\/2023\/08\/Unknown.png\" alt=\"\" class=\"wp-image-254\" style=\"width:166px;height:135px\"\/><\/figure>\n<\/div><\/div>\n\n\n\n<div class=\"wp-block-column is-layout-flow wp-block-column-is-layout-flow\"><\/div>\n<\/div>\n\n\n\n<div style=\"height:70px\" aria-hidden=\"true\" class=\"wp-block-spacer\"><\/div>\n","protected":false},"excerpt":{"rendered":"<p>Les photos du TDM sont disponibles ! Un grand merci \u00e0 EMA Visual d&rsquo;avoir immortalis\u00e9 l&rsquo;\u00e9v\u00e9nement !<\/p>\n","protected":false},"author":2,"featured_media":0,"parent":0,"menu_order":0,"comment_status":"closed","ping_status":"closed","template":"","meta":{"footnotes":""},"class_list":["post-142","page","type-page","status-publish","hentry"],"_links":{"self":[{"href":"https:\/\/www.tdm.ink\/index.php?rest_route=\/wp\/v2\/pages\/142","targetHints":{"allow":["GET"]}}],"collection":[{"href":"https:\/\/www.tdm.ink\/index.php?rest_route=\/wp\/v2\/pages"}],"about":[{"href":"https:\/\/www.tdm.ink\/index.php?rest_route=\/wp\/v2\/types\/page"}],"author":[{"embeddable":true,"href":"https:\/\/www.tdm.ink\/index.php?rest_route=\/wp\/v2\/users\/2"}],"replies":[{"embeddable":true,"href":"https:\/\/www.tdm.ink\/index.php?rest_route=%2Fwp%2Fv2%2Fcomments&post=142"}],"version-history":[{"count":16,"href":"https:\/\/www.tdm.ink\/index.php?rest_route=\/wp\/v2\/pages\/142\/revisions"}],"predecessor-version":[{"id":848,"href":"https:\/\/www.tdm.ink\/index.php?rest_route=\/wp\/v2\/pages\/142\/revisions\/848"}],"wp:attachment":[{"href":"https:\/\/www.tdm.ink\/index.php?rest_route=%2Fwp%2Fv2%2Fmedia&parent=142"}],"curies":[{"name":"wp","href":"https:\/\/api.w.org\/{rel}","templated":true}]}}