{"id":130,"date":"2023-08-24T09:03:03","date_gmt":"2023-08-24T07:03:03","guid":{"rendered":"https:\/\/tdm.emait.fr\/?page_id=130"},"modified":"2025-11-11T22:11:51","modified_gmt":"2025-11-11T21:11:51","slug":"infos-pratiques","status":"publish","type":"page","link":"https:\/\/www.tdm.ink\/?page_id=130","title":{"rendered":"Infos pratiques"},"content":{"rendered":"\n<h2 class=\"wp-block-heading has-text-align-center has-background-color-color has-text-color\">Pour avoir toutes les informations concernant le TDM !<\/h2>\n\n\n\n<div style=\"height:51px\" aria-hidden=\"true\" class=\"wp-block-spacer\"><\/div>\n\n\n\n<div class=\"wp-block-columns is-layout-flex wp-container-core-columns-is-layout-9d6595d7 wp-block-columns-is-layout-flex\">\n<div class=\"wp-block-column is-layout-flow wp-block-column-is-layout-flow\">\n<p class=\"has-text-align-center\">Pour en savoir plus sur l&rsquo;organisation le jour J :<\/p>\n\n\n\n<div style=\"height:20px\" aria-hidden=\"true\" class=\"wp-block-spacer\"><\/div>\n\n\n\n<div class=\"wp-block-buttons is-vertical is-content-justification-center is-layout-flex wp-container-core-buttons-is-layout-9a7cdcfd wp-block-buttons-is-layout-flex\">\n<div class=\"wp-block-button has-custom-width wp-block-button__width-75 is-style-outline is-style-outline--1\"><a class=\"wp-block-button__link has-accent-color has-white-background-color has-text-color has-background wp-element-button\" href=\"https:\/\/tdm.emait.fr\/?page_id=141\"><strong>Le jour J<\/strong><\/a><\/div>\n<\/div>\n<\/div>\n\n\n\n<div class=\"wp-block-column is-layout-flow wp-block-column-is-layout-flow\">\n<p class=\"has-text-align-center\">Pour conna\u00eetre le r\u00e8glement du TDM :<\/p>\n\n\n\n<div style=\"height:20px\" aria-hidden=\"true\" class=\"wp-block-spacer\"><\/div>\n\n\n\n<div class=\"wp-block-buttons is-content-justification-center is-layout-flex wp-container-core-buttons-is-layout-16018d1d wp-block-buttons-is-layout-flex\">\n<div class=\"wp-block-button has-custom-width wp-block-button__width-75 is-style-outline is-style-outline--2\"><a class=\"wp-block-button__link has-background-color-color has-text-color wp-element-button\" href=\"https:\/\/tdm.emait.fr\/?page_id=139\"><strong>R\u00e8glement<\/strong><\/a><\/div>\n<\/div>\n<\/div>\n\n\n\n<div class=\"wp-block-column is-layout-flow wp-block-column-is-layout-flow\">\n<p class=\"has-text-align-center\">Pour avoir acc\u00e8s aux r\u00e9sultats du TDM :<\/p>\n\n\n\n<div style=\"height:20px\" aria-hidden=\"true\" class=\"wp-block-spacer\"><\/div>\n\n\n\n<div class=\"wp-block-buttons is-content-justification-center is-layout-flex wp-container-core-buttons-is-layout-16018d1d wp-block-buttons-is-layout-flex\">\n<div class=\"wp-block-button has-custom-width wp-block-button__width-75 is-style-outline is-style-outline--3\"><a class=\"wp-block-button__link has-header-gradient-color has-text-color wp-element-button\" href=\"https:\/\/tdm.emait.fr\/?page_id=143\"><strong>R\u00e9sultats<\/strong><\/a><\/div>\n<\/div>\n<\/div>\n<\/div>\n\n\n\n<div style=\"height:30px\" aria-hidden=\"true\" class=\"wp-block-spacer\"><\/div>\n\n\n\n<h2 class=\"wp-block-heading has-text-align-center has-background-color-color has-text-color\">Programme et organisation de la zone de d\u00e9part \/ arriv\u00e9e le samedi 15 novembre 2025<\/h2>\n\n\n\n<div style=\"height:32px\" aria-hidden=\"true\" class=\"wp-block-spacer\"><\/div>\n\n\n\n<p><strong>6h<\/strong> : D\u00e9but des inscriptions sur place + D\u00e9but du retrait des dossards<\/p>\n\n\n\n<p><strong>7h<\/strong> : Cl\u00f4ture des inscriptions pour le 32 km + Fin de retrait des dossards pour le 32 km<\/p>\n\n\n\n<p><strong>7h30<\/strong> : D\u00e9part du 32 km<\/p>\n\n\n\n<p><strong>8h30<\/strong> : Cl\u00f4ture des inscriptions pour le 22 km<\/p>\n\n\n\n<p><strong>9h00<\/strong> : Cl\u00f4ture des inscriptions pour le 10 km + Fin de retrait des dossards pour le 22 km<\/p>\n\n\n\n<p><strong>9h30<\/strong> : D\u00e9part du 22 km + Fin de retrait des dossards pour le 10 km<\/p>\n\n\n\n<p><strong>10h00<\/strong> : D\u00e9part du 10 km<\/p>\n\n\n\n<p><strong>12h30<\/strong> : Remise des prix pour le 10km, le 22km et le 32 km<\/p>\n\n\n\n<div style=\"height:70px\" aria-hidden=\"true\" class=\"wp-block-spacer\"><\/div>\n","protected":false},"excerpt":{"rendered":"<p>Pour avoir toutes les informations concernant le TDM ! Pour en savoir plus sur l&rsquo;organisation le jour J : Pour conna\u00eetre le r\u00e8glement du TDM : Pour avoir acc\u00e8s aux r\u00e9sultats du TDM : Programme et organisation de la zone de d\u00e9part \/ arriv\u00e9e le samedi 15 novembre 2025 6h [&hellip;]<\/p>\n","protected":false},"author":2,"featured_media":0,"parent":0,"menu_order":0,"comment_status":"closed","ping_status":"closed","template":"","meta":{"footnotes":""},"class_list":["post-130","page","type-page","status-publish","hentry"],"_links":{"self":[{"href":"https:\/\/www.tdm.ink\/index.php?rest_route=\/wp\/v2\/pages\/130","targetHints":{"allow":["GET"]}}],"collection":[{"href":"https:\/\/www.tdm.ink\/index.php?rest_route=\/wp\/v2\/pages"}],"about":[{"href":"https:\/\/www.tdm.ink\/index.php?rest_route=\/wp\/v2\/types\/page"}],"author":[{"embeddable":true,"href":"https:\/\/www.tdm.ink\/index.php?rest_route=\/wp\/v2\/users\/2"}],"replies":[{"embeddable":true,"href":"https:\/\/www.tdm.ink\/index.php?rest_route=%2Fwp%2Fv2%2Fcomments&post=130"}],"version-history":[{"count":30,"href":"https:\/\/www.tdm.ink\/index.php?rest_route=\/wp\/v2\/pages\/130\/revisions"}],"predecessor-version":[{"id":810,"href":"https:\/\/www.tdm.ink\/index.php?rest_route=\/wp\/v2\/pages\/130\/revisions\/810"}],"wp:attachment":[{"href":"https:\/\/www.tdm.ink\/index.php?rest_route=%2Fwp%2Fv2%2Fmedia&parent=130"}],"curies":[{"name":"wp","href":"https:\/\/api.w.org\/{rel}","templated":true}]}}